{"id":1296,"date":"2023-08-18T03:29:14","date_gmt":"2023-08-18T03:29:14","guid":{"rendered":"https:\/\/andongfeed.vn\/?post_type=product&#038;p=1296"},"modified":"2025-10-21T09:43:28","modified_gmt":"2025-10-21T09:43:28","slug":"dam-thuy-phan-au-trung-ruoi-linh-den","status":"publish","type":"product","link":"https:\/\/andongfeed.vn\/en\/product\/dam-thuy-phan-au-trung-ruoi-linh-den\/","title":{"rendered":"Protein Hydrolysates of BSFL"},"content":{"rendered":"<p><img loading=\"lazy\" decoding=\"async\" class=\"size-full wp-image-1775 aligncenter\" src=\"http:\/\/andongfeed.vn\/wp-content\/uploads\/2023\/08\/vvvvvvvvv.png\" alt=\"\" width=\"707\" height=\"476\" title=\"\" srcset=\"https:\/\/andongfeed.vn\/wp-content\/uploads\/2023\/08\/vvvvvvvvv.png 707w, https:\/\/andongfeed.vn\/wp-content\/uploads\/2023\/08\/vvvvvvvvv-594x400.png 594w\" sizes=\"(max-width: 707px) 100vw, 707px\" \/><\/p>\n<p><img loading=\"lazy\" decoding=\"async\" class=\"size-medium wp-image-1345 aligncenter\" src=\"http:\/\/andongfeed.vn\/wp-content\/uploads\/2023\/08\/Dich-thuy-phan-711x400.jpg\" alt=\"\" width=\"711\" height=\"400\" title=\"\" srcset=\"https:\/\/andongfeed.vn\/wp-content\/uploads\/2023\/08\/Dich-thuy-phan-711x400.jpg 711w, https:\/\/andongfeed.vn\/wp-content\/uploads\/2023\/08\/Dich-thuy-phan-800x450.jpg 800w, https:\/\/andongfeed.vn\/wp-content\/uploads\/2023\/08\/Dich-thuy-phan-1400x788.jpg 1400w, https:\/\/andongfeed.vn\/wp-content\/uploads\/2023\/08\/Dich-thuy-phan-768x432.jpg 768w, https:\/\/andongfeed.vn\/wp-content\/uploads\/2023\/08\/Dich-thuy-phan-1536x865.jpg 1536w, https:\/\/andongfeed.vn\/wp-content\/uploads\/2023\/08\/Dich-thuy-phan-2048x1153.jpg 2048w\" sizes=\"(max-width: 711px) 100vw, 711px\" \/><\/p>\n<p>&nbsp;<\/p>\n<ul>\n<li><\/li>\n<\/ul>\n","protected":false},"excerpt":{"rendered":"<p>Gi\u00e1 b\u00e1n 60,000\u0111 \/ 1L\u00edt<\/p>\n","protected":false},"featured_media":1775,"comment_status":"open","ping_status":"closed","template":"","meta":[],"product_cat":[15],"product_tag":[],"class_list":{"0":"post-1296","1":"product","2":"type-product","3":"status-publish","4":"has-post-thumbnail","6":"product_cat-san-pham","8":"first","9":"instock","10":"shipping-taxable","11":"purchasable","12":"product-type-simple"},"_links":{"self":[{"href":"https:\/\/andongfeed.vn\/en\/wp-json\/wp\/v2\/product\/1296"}],"collection":[{"href":"https:\/\/andongfeed.vn\/en\/wp-json\/wp\/v2\/product"}],"about":[{"href":"https:\/\/andongfeed.vn\/en\/wp-json\/wp\/v2\/types\/product"}],"replies":[{"embeddable":true,"href":"https:\/\/andongfeed.vn\/en\/wp-json\/wp\/v2\/comments?post=1296"}],"wp:featuredmedia":[{"embeddable":true,"href":"https:\/\/andongfeed.vn\/en\/wp-json\/wp\/v2\/media\/1775"}],"wp:attachment":[{"href":"https:\/\/andongfeed.vn\/en\/wp-json\/wp\/v2\/media?parent=1296"}],"wp:term":[{"taxonomy":"product_cat","embeddable":true,"href":"https:\/\/andongfeed.vn\/en\/wp-json\/wp\/v2\/product_cat?post=1296"},{"taxonomy":"product_tag","embeddable":true,"href":"https:\/\/andongfeed.vn\/en\/wp-json\/wp\/v2\/product_tag?post=1296"}],"curies":[{"name":"wp","href":"https:\/\/api.w.org\/{rel}","templated":true}]}}