{"id":1298,"date":"2023-08-18T03:32:35","date_gmt":"2023-08-18T03:32:35","guid":{"rendered":"https:\/\/andongfeed.vn\/?post_type=product&#038;p=1298"},"modified":"2025-11-04T09:18:52","modified_gmt":"2025-11-04T09:18:52","slug":"au-trung-tuoi-rld","status":"publish","type":"product","link":"https:\/\/andongfeed.vn\/en\/product\/au-trung-tuoi-rld\/","title":{"rendered":"Newly hatched larvae RL\u0110"},"content":{"rendered":"<p><strong>Fresh BSFL<\/strong> is high in protein, rich in calcium for your pets and pets. Their balanced nutritional ratio is ideal for reptiles, chickens, ducks, birds, etc., helping to prevent metabolic bone disease and help feathers and bones develop more evenly. In addition, black soldier fly larvae also contain natural antibacterial properties that can help strengthen pets&#8217; immunity.<\/p>\n<p><img loading=\"lazy\" decoding=\"async\" class=\"size-full wp-image-968 aligncenter\" src=\"http:\/\/andongfeed.vn\/wp-content\/uploads\/2022\/10\/1-14.jpg\" alt=\"\" width=\"600\" height=\"400\" title=\"\"><\/p>\n<p>&nbsp;<\/p>\n<p><strong>T\u00f3m T\u1eaft \u0110\u1eb7c \u0110i\u1ec3m S\u1ea3n Ph\u1ea9m S\u00e2u t\u01b0\u01a1i \u1ea5u tr\u00f9ng RL\u0110<\/strong><strong>:<\/strong><\/p>\n<ul>\n<li><strong>Lo\u1ea1i:<\/strong>\u00a0Ru\u1ed3i L\u00ednh \u0110en<\/li>\n<li><strong>Giai \u0110o\u1ea1n:\u00a0<\/strong>\u1ea4u Tr\u00f9ng\u00a0<em>(t\u00ean kh\u00e1c: S\u00e2u Canxi)<\/em><\/li>\n<li><strong>T\u00ecnh Tr\u1ea1ng:<\/strong>\u00a0C\u00f2n S\u1ed1ng, 8-10 Ng\u00e0y Tu\u1ed5i.<\/li>\n<li><strong>S\u1eed D\u1ee5ng \u0110\u1ec3:<\/strong>\u00a0l\u00e0m th\u1ee9c \u0103n cho th\u00fa c\u01b0ng, cho v\u1eadt nu\u00f4i.<\/li>\n<li><strong>Xu\u1ea5t X\u1ee9:<\/strong>\u00a0Th\u00e1i B\u00ecnh \u2013 Vi\u1ec7t Nam<\/li>\n<li><strong>Gi\u00e1 s\u00e2u canxi\u00a0<\/strong><strong>t\u01b0\u01a1i s\u1ed1ng<\/strong><strong>:<\/strong>\u00a0Li\u00ean h\u1ec7 \u0111\u1ec3 \u0111\u01b0\u1ee3c b\u00e1o gi\u00e1 m\u1edbi nh\u1ea5t<\/li>\n<\/ul>\n<p><img loading=\"lazy\" decoding=\"async\" class=\"size-full wp-image-969 aligncenter\" src=\"http:\/\/andongfeed.vn\/wp-content\/uploads\/2022\/10\/1-15.jpg\" alt=\"\" width=\"600\" height=\"400\" title=\"\"><\/p>\n<p><img loading=\"lazy\" decoding=\"async\" class=\"aligncenter wp-image-970 size-full\" src=\"http:\/\/andongfeed.vn\/wp-content\/uploads\/2022\/10\/1-16.jpg\" alt=\"\" width=\"400\" height=\"600\" title=\"\" srcset=\"https:\/\/andongfeed.vn\/wp-content\/uploads\/2022\/10\/1-16.jpg 400w, https:\/\/andongfeed.vn\/wp-content\/uploads\/2022\/10\/1-16-267x400.jpg 267w\" sizes=\"(max-width: 400px) 100vw, 400px\" \/><\/p>","protected":false},"excerpt":{"rendered":"<p>Gi\u00e1 b\u00e1n 300,000\u0111 \/ 1kg<\/p>\n","protected":false},"featured_media":1582,"comment_status":"open","ping_status":"closed","template":"","meta":[],"product_cat":[15],"product_tag":[],"class_list":{"0":"post-1298","1":"product","2":"type-product","3":"status-publish","4":"has-post-thumbnail","6":"product_cat-san-pham","8":"first","9":"instock","10":"shipping-taxable","11":"purchasable","12":"product-type-simple"},"_links":{"self":[{"href":"https:\/\/andongfeed.vn\/en\/wp-json\/wp\/v2\/product\/1298"}],"collection":[{"href":"https:\/\/andongfeed.vn\/en\/wp-json\/wp\/v2\/product"}],"about":[{"href":"https:\/\/andongfeed.vn\/en\/wp-json\/wp\/v2\/types\/product"}],"replies":[{"embeddable":true,"href":"https:\/\/andongfeed.vn\/en\/wp-json\/wp\/v2\/comments?post=1298"}],"wp:featuredmedia":[{"embeddable":true,"href":"https:\/\/andongfeed.vn\/en\/wp-json\/wp\/v2\/media\/1582"}],"wp:attachment":[{"href":"https:\/\/andongfeed.vn\/en\/wp-json\/wp\/v2\/media?parent=1298"}],"wp:term":[{"taxonomy":"product_cat","embeddable":true,"href":"https:\/\/andongfeed.vn\/en\/wp-json\/wp\/v2\/product_cat?post=1298"},{"taxonomy":"product_tag","embeddable":true,"href":"https:\/\/andongfeed.vn\/en\/wp-json\/wp\/v2\/product_tag?post=1298"}],"curies":[{"name":"wp","href":"https:\/\/api.w.org\/{rel}","templated":true}]}}