{"id":1381,"date":"2024-08-03T09:01:19","date_gmt":"2024-08-03T09:01:19","guid":{"rendered":"https:\/\/andongfeed.vn\/?post_type=product&#038;p=1381"},"modified":"2025-11-04T09:16:13","modified_gmt":"2025-11-04T09:16:13","slug":"trung-ruoi-linh-den","status":"publish","type":"product","link":"https:\/\/andongfeed.vn\/en\/product\/trung-ruoi-linh-den\/","title":{"rendered":"Black soldier fly eggs"},"content":{"rendered":"<p class=\"qtranxs-available-languages-message qtranxs-available-languages-message-en\">Sorry, this entry is only available in <a href=\"https:\/\/andongfeed.vn\/vi\/wp-json\/wp\/v2\/product\/1381\" class=\"qtranxs-available-language-link qtranxs-available-language-link-vi\" title=\"Ti\u1ebfng Vi\u1ec7t\">Ti\u1ebfng Vi\u1ec7t<\/a>.<\/p>","protected":false},"excerpt":{"rendered":"<p>Gi\u00e1 b\u00e1n 40,000\u0111 \/ 10g<\/p>\n","protected":false},"featured_media":1382,"comment_status":"open","ping_status":"closed","template":"","meta":[],"product_cat":[15],"product_tag":[],"class_list":{"0":"post-1381","1":"product","2":"type-product","3":"status-publish","4":"has-post-thumbnail","6":"product_cat-san-pham","8":"first","9":"instock","10":"shipping-taxable","11":"purchasable","12":"product-type-simple"},"_links":{"self":[{"href":"https:\/\/andongfeed.vn\/en\/wp-json\/wp\/v2\/product\/1381"}],"collection":[{"href":"https:\/\/andongfeed.vn\/en\/wp-json\/wp\/v2\/product"}],"about":[{"href":"https:\/\/andongfeed.vn\/en\/wp-json\/wp\/v2\/types\/product"}],"replies":[{"embeddable":true,"href":"https:\/\/andongfeed.vn\/en\/wp-json\/wp\/v2\/comments?post=1381"}],"wp:featuredmedia":[{"embeddable":true,"href":"https:\/\/andongfeed.vn\/en\/wp-json\/wp\/v2\/media\/1382"}],"wp:attachment":[{"href":"https:\/\/andongfeed.vn\/en\/wp-json\/wp\/v2\/media?parent=1381"}],"wp:term":[{"taxonomy":"product_cat","embeddable":true,"href":"https:\/\/andongfeed.vn\/en\/wp-json\/wp\/v2\/product_cat?post=1381"},{"taxonomy":"product_tag","embeddable":true,"href":"https:\/\/andongfeed.vn\/en\/wp-json\/wp\/v2\/product_tag?post=1381"}],"curies":[{"name":"wp","href":"https:\/\/api.w.org\/{rel}","templated":true}]}}