{"id":1587,"date":"2024-10-27T10:20:25","date_gmt":"2024-10-27T10:20:25","guid":{"rendered":"https:\/\/andongfeed.vn\/?post_type=product&#038;p=1587"},"modified":"2025-10-21T09:37:20","modified_gmt":"2025-10-21T09:37:20","slug":"phan-au-trung-rld-ep-vien","status":"publish","type":"product","link":"https:\/\/andongfeed.vn\/en\/product\/phan-au-trung-rld-ep-vien\/","title":{"rendered":"black soldier fly larvae feces"},"content":{"rendered":"<img loading=\"lazy\" decoding=\"async\" class=\"size-full wp-image-1782 aligncenter\" src=\"http:\/\/andongfeed.vn\/wp-content\/uploads\/2024\/10\/Phan-sau-RLD-1.jpg\" alt=\"\" width=\"960\" height=\"1280\" title=\"\" srcset=\"https:\/\/andongfeed.vn\/wp-content\/uploads\/2024\/10\/Phan-sau-RLD-1.jpg 960w, https:\/\/andongfeed.vn\/wp-content\/uploads\/2024\/10\/Phan-sau-RLD-1-300x400.jpg 300w, https:\/\/andongfeed.vn\/wp-content\/uploads\/2024\/10\/Phan-sau-RLD-1-600x800.jpg 600w, https:\/\/andongfeed.vn\/wp-content\/uploads\/2024\/10\/Phan-sau-RLD-1-768x1024.jpg 768w, https:\/\/andongfeed.vn\/wp-content\/uploads\/2024\/10\/Phan-sau-RLD-1-800x1067.jpg 800w\" sizes=\"(max-width: 960px) 100vw, 960px\" \/>","protected":false},"excerpt":{"rendered":"<p>Gi\u00e1 b\u00e1n 10,000\u0111 \/ 1kg<\/p>\n","protected":false},"featured_media":1782,"comment_status":"open","ping_status":"closed","template":"","meta":[],"product_cat":[15],"product_tag":[],"class_list":{"0":"post-1587","1":"product","2":"type-product","3":"status-publish","4":"has-post-thumbnail","6":"product_cat-san-pham","8":"first","9":"instock","10":"shipping-taxable","11":"purchasable","12":"product-type-simple"},"_links":{"self":[{"href":"https:\/\/andongfeed.vn\/en\/wp-json\/wp\/v2\/product\/1587"}],"collection":[{"href":"https:\/\/andongfeed.vn\/en\/wp-json\/wp\/v2\/product"}],"about":[{"href":"https:\/\/andongfeed.vn\/en\/wp-json\/wp\/v2\/types\/product"}],"replies":[{"embeddable":true,"href":"https:\/\/andongfeed.vn\/en\/wp-json\/wp\/v2\/comments?post=1587"}],"wp:featuredmedia":[{"embeddable":true,"href":"https:\/\/andongfeed.vn\/en\/wp-json\/wp\/v2\/media\/1782"}],"wp:attachment":[{"href":"https:\/\/andongfeed.vn\/en\/wp-json\/wp\/v2\/media?parent=1587"}],"wp:term":[{"taxonomy":"product_cat","embeddable":true,"href":"https:\/\/andongfeed.vn\/en\/wp-json\/wp\/v2\/product_cat?post=1587"},{"taxonomy":"product_tag","embeddable":true,"href":"https:\/\/andongfeed.vn\/en\/wp-json\/wp\/v2\/product_tag?post=1587"}],"curies":[{"name":"wp","href":"https:\/\/api.w.org\/{rel}","templated":true}]}}