{"id":899,"date":"2022-10-17T09:49:57","date_gmt":"2022-10-17T09:49:57","guid":{"rendered":"https:\/\/andongfeed.vn\/?post_type=product&#038;p=899"},"modified":"2025-11-06T08:40:21","modified_gmt":"2025-11-06T08:40:21","slug":"au-trung-ruoi-linh-den-song-sau-canxi-tuoi-8-ngay-tuoi","status":"publish","type":"product","link":"https:\/\/andongfeed.vn\/en\/product\/au-trung-ruoi-linh-den-song-sau-canxi-tuoi-8-ngay-tuoi\/","title":{"rendered":"Fresh BSFL"},"content":{"rendered":"<img loading=\"lazy\" decoding=\"async\" class=\"alignnone size-full wp-image-1774 aligncenter\" src=\"http:\/\/andongfeed.vn\/wp-content\/uploads\/2022\/10\/p-1.png\" alt=\"\" width=\"928\" height=\"685\" title=\"\" srcset=\"https:\/\/andongfeed.vn\/wp-content\/uploads\/2022\/10\/p-1.png 928w, https:\/\/andongfeed.vn\/wp-content\/uploads\/2022\/10\/p-1-800x591.png 800w, https:\/\/andongfeed.vn\/wp-content\/uploads\/2022\/10\/p-1-542x400.png 542w, https:\/\/andongfeed.vn\/wp-content\/uploads\/2022\/10\/p-1-768x567.png 768w\" sizes=\"(max-width: 928px) 100vw, 928px\" \/><\/p>\n<p><strong>Fresh BSFL<\/strong> is a natural nutritious food, high in protein, rich in calcium for your pets and pets. Their balanced nutritional ratio is ideal for reptiles, chickens, ducks, birds, etc. to help prevent them from metabolic bone disease and help their feathers and bones grow more evenly. In addition, black soldier fly larvae also contain natural antibacterial properties that can help strengthen the immunity of pets.<\/p>\n<p><img loading=\"lazy\" decoding=\"async\" class=\"size-full wp-image-968 aligncenter\" src=\"http:\/\/andongfeed.vn\/wp-content\/uploads\/2022\/10\/1-14.jpg\" alt=\"\" width=\"600\" height=\"400\" title=\"\"><\/p>\n<p>&nbsp;<\/p>\n<p><strong>Summary of Product Features Fresh BSFL:<\/strong><\/p>\n<ul>\n<li><strong>Type:<\/strong>\u00a0Black Soldier Flies<\/li>\n<li><strong>Stage:<\/strong> larva\u00a0(other name: Calcium Worm)<\/li>\n<li><strong>Status:<\/strong> \u00a0Alive, 8-10 Days Old.<\/li>\n<li><strong>Use To: \u00a0<\/strong>Make pet food, for pets.<\/li>\n<li><strong>Origin:<\/strong> Thai Binh \u2013 Vietnam<\/li>\n<li><strong>Price of fresh calcium worm:<\/strong> Contact for the latest quote<\/li>\n<\/ul>\n<p><img loading=\"lazy\" decoding=\"async\" class=\"size-full wp-image-969 aligncenter\" src=\"http:\/\/andongfeed.vn\/wp-content\/uploads\/2022\/10\/1-15.jpg\" alt=\"\" width=\"600\" height=\"400\" title=\"\"><\/p>\n<p><img loading=\"lazy\" decoding=\"async\" class=\"aligncenter wp-image-970 size-full\" src=\"http:\/\/andongfeed.vn\/wp-content\/uploads\/2022\/10\/1-16.jpg\" alt=\"\" width=\"400\" height=\"600\" title=\"\" srcset=\"https:\/\/andongfeed.vn\/wp-content\/uploads\/2022\/10\/1-16.jpg 400w, https:\/\/andongfeed.vn\/wp-content\/uploads\/2022\/10\/1-16-267x400.jpg 267w\" sizes=\"(max-width: 400px) 100vw, 400px\" \/>","protected":false},"excerpt":{"rendered":"<p>Gi\u00e1 b\u00e1n 30,000\u0111 \/ 1kg<\/p>\n","protected":false},"featured_media":1774,"comment_status":"open","ping_status":"closed","template":"","meta":[],"product_cat":[15],"product_tag":[],"class_list":{"0":"post-899","1":"product","2":"type-product","3":"status-publish","4":"has-post-thumbnail","6":"product_cat-san-pham","8":"first","9":"instock","10":"shipping-taxable","11":"purchasable","12":"product-type-simple"},"_links":{"self":[{"href":"https:\/\/andongfeed.vn\/en\/wp-json\/wp\/v2\/product\/899"}],"collection":[{"href":"https:\/\/andongfeed.vn\/en\/wp-json\/wp\/v2\/product"}],"about":[{"href":"https:\/\/andongfeed.vn\/en\/wp-json\/wp\/v2\/types\/product"}],"replies":[{"embeddable":true,"href":"https:\/\/andongfeed.vn\/en\/wp-json\/wp\/v2\/comments?post=899"}],"wp:featuredmedia":[{"embeddable":true,"href":"https:\/\/andongfeed.vn\/en\/wp-json\/wp\/v2\/media\/1774"}],"wp:attachment":[{"href":"https:\/\/andongfeed.vn\/en\/wp-json\/wp\/v2\/media?parent=899"}],"wp:term":[{"taxonomy":"product_cat","embeddable":true,"href":"https:\/\/andongfeed.vn\/en\/wp-json\/wp\/v2\/product_cat?post=899"},{"taxonomy":"product_tag","embeddable":true,"href":"https:\/\/andongfeed.vn\/en\/wp-json\/wp\/v2\/product_tag?post=899"}],"curies":[{"name":"wp","href":"https:\/\/api.w.org\/{rel}","templated":true}]}}